{"id":13,"date":"2019-10-25T09:50:44","date_gmt":"2019-10-25T09:50:44","guid":{"rendered":"http:\/\/demo.athemes.com\/sydney-redesign\/?page_id=13"},"modified":"2026-02-14T15:13:09","modified_gmt":"2026-02-14T14:13:09","slug":"home","status":"publish","type":"page","link":"https:\/\/cora.montpellier.kr\/","title":{"rendered":"Home"},"content":{"rendered":"\t\t<div data-elementor-type=\"wp-page\" data-elementor-id=\"13\" class=\"elementor elementor-13\">\n\t\t\t\t\t\t<section class=\"elementor-section elementor-top-section elementor-element elementor-element-1bf2bd6 elementor-section-full_width elementor-section-height-min-height elementor-section-height-default elementor-section-items-middle\" data-id=\"1bf2bd6\" data-element_type=\"section\" data-e-type=\"section\">\n\t\t\t\t\t\t<div class=\"elementor-container elementor-column-gap-default\">\n\t\t\t\t\t<div class=\"elementor-column elementor-col-50 elementor-top-column elementor-element elementor-element-e0be4ba\" data-id=\"e0be4ba\" data-element_type=\"column\" data-e-type=\"column\">\n\t\t\t<div class=\"elementor-widget-wrap elementor-element-populated\">\n\t\t\t\t\t\t<div class=\"elementor-element elementor-element-99a5e7e elementor-widget elementor-widget-image\" data-id=\"99a5e7e\" data-element_type=\"widget\" data-e-type=\"widget\" data-widget_type=\"image.default\">\n\t\t\t\t<div class=\"elementor-widget-container\">\n\t\t\t\t\t\t\t\t\t\t\t\t\t\t\t<img fetchpriority=\"high\" decoding=\"async\" width=\"480\" height=\"330\" src=\"https:\/\/cora.montpellier.kr\/wp-content\/uploads\/2020\/02\/cora-1.png\" class=\"attachment-large size-large wp-image-104\" alt=\"\" srcset=\"https:\/\/cora.montpellier.kr\/wp-content\/uploads\/2020\/02\/cora-1.png 480w, https:\/\/cora.montpellier.kr\/wp-content\/uploads\/2020\/02\/cora-1-300x206.png 300w\" sizes=\"(max-width: 480px) 100vw, 480px\" \/>\t\t\t\t\t\t\t\t\t\t\t\t\t\t\t<\/div>\n\t\t\t\t<\/div>\n\t\t\t\t\t<\/div>\n\t\t<\/div>\n\t\t\t\t<div class=\"elementor-column elementor-col-50 elementor-top-column elementor-element elementor-element-4af20df\" data-id=\"4af20df\" data-element_type=\"column\" data-e-type=\"column\">\n\t\t\t<div class=\"elementor-widget-wrap elementor-element-populated\">\n\t\t\t\t\t\t<div class=\"elementor-element elementor-element-b9ac0f3 elementor-widget elementor-widget-heading\" data-id=\"b9ac0f3\" data-element_type=\"widget\" data-e-type=\"widget\" data-widget_type=\"heading.default\">\n\t\t\t\t<div class=\"elementor-widget-container\">\n\t\t\t\t\t<h2 class=\"elementor-heading-title elementor-size-xxl\">L'Artiste...<\/h2>\t\t\t\t<\/div>\n\t\t\t\t<\/div>\n\t\t\t\t<div class=\"elementor-element elementor-element-8e9539b elementor-widget elementor-widget-text-editor\" data-id=\"8e9539b\" data-element_type=\"widget\" data-e-type=\"widget\" data-widget_type=\"text-editor.default\">\n\t\t\t\t<div class=\"elementor-widget-container\">\n\t\t\t\t\t\t\t\t\t<p>Cora, alias Kyung-Hwa Cho\u00ef, est une artiste autodidacte n\u00e9e dans une petite \u00eele du sud de la Cor\u00e9e, elle viendra \u00e0 apprendre le Fran\u00e7ais en 1994 et \u00e9tudier sur place les impressionistes, elle y restera depuis ce jour<span style=\"background-color: transparent;\">\u00a0tomb\u00e9e follement amoureuse de la Provence ou elle viendra s&rsquo;installer&#8230;<\/span><\/p><p>Cora sait ravir des yeux un paysage, le rendre totalement sien, diff\u00e9rent dans ses r\u00e9sonances et identique dans ses rep\u00e8res, comme travers\u00e9 par ses r\u00eaves, sa culture, sa soif de beaut\u00e9 pure. Elle aime traduire le mouvement, faire vivre le floril\u00e8ge de couleurs d&rsquo;une nature saisie sur le vif&#8230;\u00a0 \u00a0 \u00a0 \u00a0 \u00a0 \u00a0 \u00a0 \u00a0\u00a0<\/p><p>Un ind\u00e9finissable parfum de beaut\u00e9 souveraine anime ses sujets, elle applique ses couleurs dans l&rsquo;\u00e9motion, avec une ferme douceur, dans les subtiles et multiples nuances de ses passages de tons, comme une histoire, qu&rsquo;elle conterait \u00e0 l&rsquo;aide de ses doigts, Cora en saisit des moments pr\u00e9cieux avec une d\u00e9licate intensit\u00e9 et toute l&rsquo;\u00e9nergie positive de sa sensibilit\u00e9&#8230;<\/p>\t\t\t\t\t\t\t\t<\/div>\n\t\t\t\t<\/div>\n\t\t\t\t\t<\/div>\n\t\t<\/div>\n\t\t\t\t\t<\/div>\n\t\t<\/section>\n\t\t\t\t<section class=\"elementor-section elementor-top-section elementor-element elementor-element-48774a4 elementor-section-boxed elementor-section-height-default elementor-section-height-default\" data-id=\"48774a4\" data-element_type=\"section\" data-e-type=\"section\" data-settings=\"{&quot;background_background&quot;:&quot;classic&quot;}\">\n\t\t\t\t\t\t<div class=\"elementor-container elementor-column-gap-default\">\n\t\t\t\t\t<div class=\"elementor-column elementor-col-100 elementor-top-column elementor-element elementor-element-9869010\" data-id=\"9869010\" data-element_type=\"column\" data-e-type=\"column\">\n\t\t\t<div class=\"elementor-widget-wrap elementor-element-populated\">\n\t\t\t\t\t\t<div class=\"elementor-element elementor-element-4cd0216 elementor-widget elementor-widget-heading\" data-id=\"4cd0216\" data-element_type=\"widget\" data-e-type=\"widget\" data-widget_type=\"heading.default\">\n\t\t\t\t<div class=\"elementor-widget-container\">\n\t\t\t\t\t<h1 class=\"elementor-heading-title elementor-size-default\">Mes OEUVRES<\/h1>\t\t\t\t<\/div>\n\t\t\t\t<\/div>\n\t\t\t\t<div class=\"elementor-element elementor-element-96c808e our_work elementor-widget elementor-widget-athemes-portfolio\" data-id=\"96c808e\" data-element_type=\"widget\" data-e-type=\"widget\" data-widget_type=\"athemes-portfolio.default\">\n\t\t\t\t<div class=\"elementor-widget-container\">\n\t\t\t\t\t\n\t\t<div class=\"project-wrap portfolio-section style1\">\n\n\t\t\t<ul class=\"project-filter\" id=\"filters\">\n\t\t\t\t<li><a href=\"#\" data-filter=\"*\">Show all<\/a><\/li>\n\n\t\t\t\t\n\t\t\t\t\t\t\t\t\t\t\t\t\t\t\t\t\t\t\t\t\t\t\t\t\t\t\t\t\t\t\t\t\t\t\t\t\t\t\t\t\t\t\t\t\t\t\t\t\t\t\t\t\t\t\t\t\t\t\t\t\t\t\t\t\t\t\t\t\t\t\t\t\t\t\t\t\t\t\t\t\t\t\t\t\t\t\t\t\t\t\t\t\t\t\t\t\t\t\t\t\t\t\t\t\t\t\t\t\t\t\t\t\t\t\t\t\t\t\t\t\t\t\t\t\t\t\t\t\t\t\t\t\t\t\t\t\t\t\t\t\t\t\t\t\t\t\t\t\t\t\t\t\t\t\t\t\t\t\t\t\t\t\t\t\t\t\t\t\t\t\t\t\t\t\t\n\t\t\t\t\n\t\t\t\t\t<li><a href='#' data-filter='.paysage'>Paysage<\/a><\/li>\n\n\t\t\t\t\n\t\t\t\t\t<li><a href='#' data-filter='.nature-mortes'>Nature mortes<\/a><\/li>\n\n\t\t\t\t\n\t\t\t\t\t<li><a href='#' data-filter='.art'>Art<\/a><\/li>\n\n\t\t\t\t\n\t\t\t<\/ul>\n\n\t\t\t<div class=\"roll-project fullwidth\">\n\t\t\t\t<div class=\"isotope-container\" data-portfolio-effect=\"fadeInUp\">\n\n\t\t\t\t\t\t\t\t                    \n\t\t\t\t<div class=\"project-item item isotope-item paysage\">\n\t\t\t\t\t<div class=\"project-inner\">\n\t\t\t\t\t\t\n\t\t\t\t\t\t\n\t\t\t\t\t\t<a href=\"https:\/\/cora.montpellier.kr\/?p=681\" class=\"project-pop-wrap\" target=\"_blank\" rel=\"nofollow\">\n\t\t\t\t\t\t\t<div class=\"project-pop\"><\/div>\n\t\t\t\t\t\t\t<div class=\"project-title-wrap\">\n\t\t\t\t\t\t\t\t<h3 class=\"project-title\">\n\t\t\t\t\t\t\t\t\t<span>La s\u00e9duction<\/span>\n\t\t\t\t\t\t\t\t<\/h3>\n\t\t\t\t\t\t\t<\/div>\t\t\t\t\t\t\t\n\t\t\t\t\t\t<\/a>\n\t\t\t\t\t\t<a href=\"#\">\n\t\t\t\t\t\t\t\t\t\t\t\t\t\t<img decoding=\"async\" src=\"https:\/\/cora.montpellier.kr\/wp-content\/uploads\/2021\/06\/IMG_0463-1-scaled.jpg\" alt=\"IMG_0463-1\"\/>\n\t\t\t\t\t\t\t\t\t\t\t\t\t<\/a>\n\t\t\t\t\t<\/div>\n\t\t\t\t<\/div>\n\n\t\t\t\t\t\t\t\t                    \n\t\t\t\t<div class=\"project-item item isotope-item paysage\">\n\t\t\t\t\t<div class=\"project-inner\">\n\t\t\t\t\t\t\n\t\t\t\t\t\t\n\t\t\t\t\t\t<a href=\"https:\/\/cora.montpellier.kr\/?p=704\" class=\"project-pop-wrap\" target=\"_blank\" rel=\"nofollow\">\n\t\t\t\t\t\t\t<div class=\"project-pop\"><\/div>\n\t\t\t\t\t\t\t<div class=\"project-title-wrap\">\n\t\t\t\t\t\t\t\t<h3 class=\"project-title\">\n\t\t\t\t\t\t\t\t\t<span>Avant la chute des feuilles<\/span>\n\t\t\t\t\t\t\t\t<\/h3>\n\t\t\t\t\t\t\t<\/div>\t\t\t\t\t\t\t\n\t\t\t\t\t\t<\/a>\n\t\t\t\t\t\t<a href=\"#\">\n\t\t\t\t\t\t\t\t\t\t\t\t\t\t<img decoding=\"async\" src=\"https:\/\/cora.montpellier.kr\/wp-content\/uploads\/2021\/06\/IMG_0469-1-scaled.jpg\" alt=\"Avant la chute des feuilles\"\/>\n\t\t\t\t\t\t\t\t\t\t\t\t\t<\/a>\n\t\t\t\t\t<\/div>\n\t\t\t\t<\/div>\n\n\t\t\t\t\t\t\t\t                    \n\t\t\t\t<div class=\"project-item item isotope-item paysage\">\n\t\t\t\t\t<div class=\"project-inner\">\n\t\t\t\t\t\t\n\t\t\t\t\t\t\n\t\t\t\t\t\t<a href=\"https:\/\/cora.montpellier.kr\/?p=692\" class=\"project-pop-wrap\" target=\"_blank\" rel=\"nofollow\">\n\t\t\t\t\t\t\t<div class=\"project-pop\"><\/div>\n\t\t\t\t\t\t\t<div class=\"project-title-wrap\">\n\t\t\t\t\t\t\t\t<h3 class=\"project-title\">\n\t\t\t\t\t\t\t\t\t<span>L&#039;appel du soleil<\/span>\n\t\t\t\t\t\t\t\t<\/h3>\n\t\t\t\t\t\t\t<\/div>\t\t\t\t\t\t\t\n\t\t\t\t\t\t<\/a>\n\t\t\t\t\t\t<a href=\"#\">\n\t\t\t\t\t\t\t\t\t\t\t\t\t\t<img decoding=\"async\" src=\"https:\/\/cora.montpellier.kr\/wp-content\/uploads\/2021\/06\/IMG_0466-scaled.jpg\" alt=\"IMG_0466\"\/>\n\t\t\t\t\t\t\t\t\t\t\t\t\t<\/a>\n\t\t\t\t\t<\/div>\n\t\t\t\t<\/div>\n\n\t\t\t\t\t\t\t\t                    \n\t\t\t\t<div class=\"project-item item isotope-item paysage\">\n\t\t\t\t\t<div class=\"project-inner\">\n\t\t\t\t\t\t\n\t\t\t\t\t\t\n\t\t\t\t\t\t<a href=\"https:\/\/cora.montpellier.kr\/?p=612\" class=\"project-pop-wrap\" rel=\"nofollow\">\n\t\t\t\t\t\t\t<div class=\"project-pop\"><\/div>\n\t\t\t\t\t\t\t<div class=\"project-title-wrap\">\n\t\t\t\t\t\t\t\t<h3 class=\"project-title\">\n\t\t\t\t\t\t\t\t\t<span>Le caf\u00e9 du coin - vendu<\/span>\n\t\t\t\t\t\t\t\t<\/h3>\n\t\t\t\t\t\t\t<\/div>\t\t\t\t\t\t\t\n\t\t\t\t\t\t<\/a>\n\t\t\t\t\t\t<a href=\"#\">\n\t\t\t\t\t\t\t\t\t\t\t\t\t\t<img decoding=\"async\" src=\"https:\/\/cora.montpellier.kr\/wp-content\/uploads\/2020\/02\/PICT0048.jpg\" alt=\"PICT0048\"\/>\n\t\t\t\t\t\t\t\t\t\t\t\t\t<\/a>\n\t\t\t\t\t<\/div>\n\t\t\t\t<\/div>\n\n\t\t\t\t\t\t\t\t                    \n\t\t\t\t<div class=\"project-item item isotope-item paysage\">\n\t\t\t\t\t<div class=\"project-inner\">\n\t\t\t\t\t\t\n\t\t\t\t\t\t\n\t\t\t\t\t\t<a href=\"https:\/\/cora.montpellier.kr\/?p=697\" class=\"project-pop-wrap\" target=\"_blank\" rel=\"nofollow\">\n\t\t\t\t\t\t\t<div class=\"project-pop\"><\/div>\n\t\t\t\t\t\t\t<div class=\"project-title-wrap\">\n\t\t\t\t\t\t\t\t<h3 class=\"project-title\">\n\t\t\t\t\t\t\t\t\t<span>La vague<\/span>\n\t\t\t\t\t\t\t\t<\/h3>\n\t\t\t\t\t\t\t<\/div>\t\t\t\t\t\t\t\n\t\t\t\t\t\t<\/a>\n\t\t\t\t\t\t<a href=\"#\">\n\t\t\t\t\t\t\t\t\t\t\t\t\t\t<img decoding=\"async\" src=\"https:\/\/cora.montpellier.kr\/wp-content\/uploads\/2021\/06\/IMG_0472-scaled.jpg\" alt=\"IMG_0472\"\/>\n\t\t\t\t\t\t\t\t\t\t\t\t\t<\/a>\n\t\t\t\t\t<\/div>\n\t\t\t\t<\/div>\n\n\t\t\t\t\t\t\t\t                    \n\t\t\t\t<div class=\"project-item item isotope-item paysage\">\n\t\t\t\t\t<div class=\"project-inner\">\n\t\t\t\t\t\t\n\t\t\t\t\t\t\n\t\t\t\t\t\t<a href=\"https:\/\/cora.montpellier.kr\/?p=700\" class=\"project-pop-wrap\" target=\"_blank\" rel=\"nofollow\">\n\t\t\t\t\t\t\t<div class=\"project-pop\"><\/div>\n\t\t\t\t\t\t\t<div class=\"project-title-wrap\">\n\t\t\t\t\t\t\t\t<h3 class=\"project-title\">\n\t\t\t\t\t\t\t\t\t<span>Le courant<\/span>\n\t\t\t\t\t\t\t\t<\/h3>\n\t\t\t\t\t\t\t<\/div>\t\t\t\t\t\t\t\n\t\t\t\t\t\t<\/a>\n\t\t\t\t\t\t<a href=\"#\">\n\t\t\t\t\t\t\t\t\t\t\t\t\t\t<img decoding=\"async\" src=\"https:\/\/cora.montpellier.kr\/wp-content\/uploads\/2021\/06\/IMG_0482-scaled.jpg\" alt=\"IMG_0482\"\/>\n\t\t\t\t\t\t\t\t\t\t\t\t\t<\/a>\n\t\t\t\t\t<\/div>\n\t\t\t\t<\/div>\n\n\t\t\t\t\t\t\t\t                    \n\t\t\t\t<div class=\"project-item item isotope-item paysage\">\n\t\t\t\t\t<div class=\"project-inner\">\n\t\t\t\t\t\t\n\t\t\t\t\t\t\n\t\t\t\t\t\t<a href=\"https:\/\/cora.montpellier.kr\/?p=678\" class=\"project-pop-wrap\" target=\"_blank\" rel=\"nofollow\">\n\t\t\t\t\t\t\t<div class=\"project-pop\"><\/div>\n\t\t\t\t\t\t\t<div class=\"project-title-wrap\">\n\t\t\t\t\t\t\t\t<h3 class=\"project-title\">\n\t\t\t\t\t\t\t\t\t<span>Un \u00e9t\u00e9 \u00e0 Goudargues - vendu<\/span>\n\t\t\t\t\t\t\t\t<\/h3>\n\t\t\t\t\t\t\t<\/div>\t\t\t\t\t\t\t\n\t\t\t\t\t\t<\/a>\n\t\t\t\t\t\t<a href=\"#\">\n\t\t\t\t\t\t\t\t\t\t\t\t\t\t<img decoding=\"async\" src=\"https:\/\/cora.montpellier.kr\/wp-content\/uploads\/2021\/06\/IMG_0478-scaled.jpg\" alt=\"IMG_0478\"\/>\n\t\t\t\t\t\t\t\t\t\t\t\t\t<\/a>\n\t\t\t\t\t<\/div>\n\t\t\t\t<\/div>\n\n\t\t\t\t\t\t\t\t                    \n\t\t\t\t<div class=\"project-item item isotope-item paysage\">\n\t\t\t\t\t<div class=\"project-inner\">\n\t\t\t\t\t\t\n\t\t\t\t\t\t\n\t\t\t\t\t\t<a href=\"https:\/\/cora.montpellier.kr\/?p=695\" class=\"project-pop-wrap\" target=\"_blank\" rel=\"nofollow\">\n\t\t\t\t\t\t\t<div class=\"project-pop\"><\/div>\n\t\t\t\t\t\t\t<div class=\"project-title-wrap\">\n\t\t\t\t\t\t\t\t<h3 class=\"project-title\">\n\t\t\t\t\t\t\t\t\t<span>La vivacit\u00e9<\/span>\n\t\t\t\t\t\t\t\t<\/h3>\n\t\t\t\t\t\t\t<\/div>\t\t\t\t\t\t\t\n\t\t\t\t\t\t<\/a>\n\t\t\t\t\t\t<a href=\"#\">\n\t\t\t\t\t\t\t\t\t\t\t\t\t\t<img decoding=\"async\" src=\"https:\/\/cora.montpellier.kr\/wp-content\/uploads\/2021\/06\/IMG_0476-scaled.jpg\" alt=\"IMG_0476\"\/>\n\t\t\t\t\t\t\t\t\t\t\t\t\t<\/a>\n\t\t\t\t\t<\/div>\n\t\t\t\t<\/div>\n\n\t\t\t\t\t\t\t\t                    \n\t\t\t\t<div class=\"project-item item isotope-item nature-mortes\">\n\t\t\t\t\t<div class=\"project-inner\">\n\t\t\t\t\t\t\n\t\t\t\t\t\t\n\t\t\t\t\t\t<a href=\"https:\/\/cora.montpellier.kr\/?p=706\" class=\"project-pop-wrap\" target=\"_blank\" rel=\"nofollow\">\n\t\t\t\t\t\t\t<div class=\"project-pop\"><\/div>\n\t\t\t\t\t\t\t<div class=\"project-title-wrap\">\n\t\t\t\t\t\t\t\t<h3 class=\"project-title\">\n\t\t\t\t\t\t\t\t\t<span>La petite marre<\/span>\n\t\t\t\t\t\t\t\t<\/h3>\n\t\t\t\t\t\t\t<\/div>\t\t\t\t\t\t\t\n\t\t\t\t\t\t<\/a>\n\t\t\t\t\t\t<a href=\"#\">\n\t\t\t\t\t\t\t\t\t\t\t\t\t\t<img decoding=\"async\" src=\"https:\/\/cora.montpellier.kr\/wp-content\/uploads\/2021\/06\/IMG_0486.jpg\" alt=\"IMG_0486\"\/>\n\t\t\t\t\t\t\t\t\t\t\t\t\t<\/a>\n\t\t\t\t\t<\/div>\n\t\t\t\t<\/div>\n\n\t\t\t\t\t\t\t\t                    \n\t\t\t\t<div class=\"project-item item isotope-item paysage\">\n\t\t\t\t\t<div class=\"project-inner\">\n\t\t\t\t\t\t\n\t\t\t\t\t\t\n\t\t\t\t\t\t<a href=\"https:\/\/cora.montpellier.kr\/?p=758\" class=\"project-pop-wrap\" target=\"_blank\" rel=\"nofollow\">\n\t\t\t\t\t\t\t<div class=\"project-pop\"><\/div>\n\t\t\t\t\t\t\t<div class=\"project-title-wrap\">\n\t\t\t\t\t\t\t\t<h3 class=\"project-title\">\n\t\t\t\t\t\t\t\t\t<span>L&#039;\u00e9closion des magnolias<\/span>\n\t\t\t\t\t\t\t\t<\/h3>\n\t\t\t\t\t\t\t<\/div>\t\t\t\t\t\t\t\n\t\t\t\t\t\t<\/a>\n\t\t\t\t\t\t<a href=\"#\">\n\t\t\t\t\t\t\t\t\t\t\t\t\t\t<img decoding=\"async\" src=\"https:\/\/cora.montpellier.kr\/wp-content\/uploads\/2021\/06\/FullSizeRender-scaled.jpg\" alt=\"FullSizeRender\"\/>\n\t\t\t\t\t\t\t\t\t\t\t\t\t<\/a>\n\t\t\t\t\t<\/div>\n\t\t\t\t<\/div>\n\n\t\t\t\t\t\t\t\t                    \n\t\t\t\t<div class=\"project-item item isotope-item paysage\">\n\t\t\t\t\t<div class=\"project-inner\">\n\t\t\t\t\t\t\n\t\t\t\t\t\t\n\t\t\t\t\t\t<a href=\"https:\/\/cora.montpellier.kr\/?p=758\" class=\"project-pop-wrap\" target=\"_blank\" rel=\"nofollow\">\n\t\t\t\t\t\t\t<div class=\"project-pop\"><\/div>\n\t\t\t\t\t\t\t<div class=\"project-title-wrap\">\n\t\t\t\t\t\t\t\t<h3 class=\"project-title\">\n\t\t\t\t\t\t\t\t\t<span>l&#039;\u00e9closions des magnolias<\/span>\n\t\t\t\t\t\t\t\t<\/h3>\n\t\t\t\t\t\t\t<\/div>\t\t\t\t\t\t\t\n\t\t\t\t\t\t<\/a>\n\t\t\t\t\t\t<a href=\"#\">\n\t\t\t\t\t\t\t\t\t\t\t\t\t\t<img decoding=\"async\" src=\"https:\/\/cora.montpellier.kr\/wp-content\/uploads\/2021\/06\/FullSizeRender-1-scaled.jpg\" alt=\"FullSizeRender (1)\"\/>\n\t\t\t\t\t\t\t\t\t\t\t\t\t<\/a>\n\t\t\t\t\t<\/div>\n\t\t\t\t<\/div>\n\n\t\t\t\t\t\t\t\t                    \n\t\t\t\t<div class=\"project-item item isotope-item art\">\n\t\t\t\t\t<div class=\"project-inner\">\n\t\t\t\t\t\t\n\t\t\t\t\t\t\n\t\t\t\t\t\t<a href=\"https:\/\/cora.montpellier.kr\/?p=795\" class=\"project-pop-wrap\" target=\"_blank\" rel=\"nofollow\">\n\t\t\t\t\t\t\t<div class=\"project-pop\"><\/div>\n\t\t\t\t\t\t\t<div class=\"project-title-wrap\">\n\t\t\t\t\t\t\t\t<h3 class=\"project-title\">\n\t\t\t\t\t\t\t\t\t<span>Un village au calme<\/span>\n\t\t\t\t\t\t\t\t<\/h3>\n\t\t\t\t\t\t\t<\/div>\t\t\t\t\t\t\t\n\t\t\t\t\t\t<\/a>\n\t\t\t\t\t\t<a href=\"#\">\n\t\t\t\t\t\t\t\t\t\t\t\t\t\t<img decoding=\"async\" src=\"https:\/\/cora.montpellier.kr\/wp-content\/uploads\/2021\/06\/IMG_0480-scaled.jpg\" alt=\"Un village en \u00e9t\u00e9\"\/>\n\t\t\t\t\t\t\t\t\t\t\t\t\t<\/a>\n\t\t\t\t\t<\/div>\n\t\t\t\t<\/div>\n\n\t\t\t\t\t\t\t\t                    \n\t\t\t\t<div class=\"project-item item isotope-item art\">\n\t\t\t\t\t<div class=\"project-inner\">\n\t\t\t\t\t\t\n\t\t\t\t\t\t\n\t\t\t\t\t\t<a href=\"https:\/\/cora.montpellier.kr\/?p=775\" class=\"project-pop-wrap\" target=\"_blank\" rel=\"nofollow\">\n\t\t\t\t\t\t\t<div class=\"project-pop\"><\/div>\n\t\t\t\t\t\t\t<div class=\"project-title-wrap\">\n\t\t\t\t\t\t\t\t<h3 class=\"project-title\">\n\t\t\t\t\t\t\t\t\t<span>Un chemin \u00e0 la campagne<\/span>\n\t\t\t\t\t\t\t\t<\/h3>\n\t\t\t\t\t\t\t<\/div>\t\t\t\t\t\t\t\n\t\t\t\t\t\t<\/a>\n\t\t\t\t\t\t<a href=\"#\">\n\t\t\t\t\t\t\t\t\t\t\t\t\t\t<img decoding=\"async\" src=\"https:\/\/cora.montpellier.kr\/wp-content\/uploads\/2021\/06\/IMG_0471-scaled.jpg\" alt=\"IMG_0471\"\/>\n\t\t\t\t\t\t\t\t\t\t\t\t\t<\/a>\n\t\t\t\t\t<\/div>\n\t\t\t\t<\/div>\n\n\t\t\t\t\t\t\t\t                    \n\t\t\t\t<div class=\"project-item item isotope-item art\">\n\t\t\t\t\t<div class=\"project-inner\">\n\t\t\t\t\t\t\n\t\t\t\t\t\t\n\t\t\t\t\t\t<a href=\"https:\/\/cora.montpellier.kr\/?p=778\" class=\"project-pop-wrap\" target=\"_blank\" rel=\"nofollow\">\n\t\t\t\t\t\t\t<div class=\"project-pop\"><\/div>\n\t\t\t\t\t\t\t<div class=\"project-title-wrap\">\n\t\t\t\t\t\t\t\t<h3 class=\"project-title\">\n\t\t\t\t\t\t\t\t\t<span>La balade<\/span>\n\t\t\t\t\t\t\t\t<\/h3>\n\t\t\t\t\t\t\t<\/div>\t\t\t\t\t\t\t\n\t\t\t\t\t\t<\/a>\n\t\t\t\t\t\t<a href=\"#\">\n\t\t\t\t\t\t\t\t\t\t\t\t\t\t<img decoding=\"async\" src=\"https:\/\/cora.montpellier.kr\/wp-content\/uploads\/2021\/06\/IMG_0484-1-scaled.jpg\" alt=\"IMG_0484\"\/>\n\t\t\t\t\t\t\t\t\t\t\t\t\t<\/a>\n\t\t\t\t\t<\/div>\n\t\t\t\t<\/div>\n\n\t\t\t\t\t\t\t\t                    \n\t\t\t\t<div class=\"project-item item isotope-item art\">\n\t\t\t\t\t<div class=\"project-inner\">\n\t\t\t\t\t\t\n\t\t\t\t\t\t\n\t\t\t\t\t\t<a href=\"https:\/\/cora.montpellier.kr\/?p=787\" class=\"project-pop-wrap\" target=\"_blank\" rel=\"nofollow\">\n\t\t\t\t\t\t\t<div class=\"project-pop\"><\/div>\n\t\t\t\t\t\t\t<div class=\"project-title-wrap\">\n\t\t\t\t\t\t\t\t<h3 class=\"project-title\">\n\t\t\t\t\t\t\t\t\t<span>Au pr\u00e8s de la rive<\/span>\n\t\t\t\t\t\t\t\t<\/h3>\n\t\t\t\t\t\t\t<\/div>\t\t\t\t\t\t\t\n\t\t\t\t\t\t<\/a>\n\t\t\t\t\t\t<a href=\"#\">\n\t\t\t\t\t\t\t\t\t\t\t\t\t\t<img decoding=\"async\" src=\"https:\/\/cora.montpellier.kr\/wp-content\/uploads\/2021\/06\/IMG_0485-scaled.jpg\" alt=\"IMG_0485\"\/>\n\t\t\t\t\t\t\t\t\t\t\t\t\t<\/a>\n\t\t\t\t\t<\/div>\n\t\t\t\t<\/div>\n\n\t\t\t\t\t\t\t\t                    \n\t\t\t\t<div class=\"project-item item isotope-item art\">\n\t\t\t\t\t<div class=\"project-inner\">\n\t\t\t\t\t\t\n\t\t\t\t\t\t\n\t\t\t\t\t\t<a href=\"https:\/\/cora.montpellier.kr\/?p=606\" class=\"project-pop-wrap\">\n\t\t\t\t\t\t\t<div class=\"project-pop\"><\/div>\n\t\t\t\t\t\t\t<div class=\"project-title-wrap\">\n\t\t\t\t\t\t\t\t<h3 class=\"project-title\">\n\t\t\t\t\t\t\t\t\t<span>Le domaine - vendu<\/span>\n\t\t\t\t\t\t\t\t<\/h3>\n\t\t\t\t\t\t\t<\/div>\t\t\t\t\t\t\t\n\t\t\t\t\t\t<\/a>\n\t\t\t\t\t\t<a href=\"#\">\n\t\t\t\t\t\t\t\t\t\t\t\t\t\t<img decoding=\"async\" src=\"https:\/\/cora.montpellier.kr\/wp-content\/uploads\/2020\/02\/PICT0163-scaled.jpg\" alt=\"KONICA MINOLTA DIGITAL CAMERA\"\/>\n\t\t\t\t\t\t\t\t\t\t\t\t\t<\/a>\n\t\t\t\t\t<\/div>\n\t\t\t\t<\/div>\n\n\t\t\t\t\t\t\t\t                    \n\t\t\t\t<div class=\"project-item item isotope-item art\">\n\t\t\t\t\t<div class=\"project-inner\">\n\t\t\t\t\t\t\n\t\t\t\t\t\t\n\t\t\t\t\t\t<a href=\"https:\/\/cora.montpellier.kr\/?p=602\" class=\"project-pop-wrap\">\n\t\t\t\t\t\t\t<div class=\"project-pop\"><\/div>\n\t\t\t\t\t\t\t<div class=\"project-title-wrap\">\n\t\t\t\t\t\t\t\t<h3 class=\"project-title\">\n\t\t\t\t\t\t\t\t\t<span>Le chemin de l&#039;automne - vendu<\/span>\n\t\t\t\t\t\t\t\t<\/h3>\n\t\t\t\t\t\t\t<\/div>\t\t\t\t\t\t\t\n\t\t\t\t\t\t<\/a>\n\t\t\t\t\t\t<a href=\"#\">\n\t\t\t\t\t\t\t\t\t\t\t\t\t\t<img decoding=\"async\" src=\"https:\/\/cora.montpellier.kr\/wp-content\/uploads\/2020\/02\/plan_trees_during_fall.jpg\" alt=\"plan_trees_during_fall\"\/>\n\t\t\t\t\t\t\t\t\t\t\t\t\t<\/a>\n\t\t\t\t\t<\/div>\n\t\t\t\t<\/div>\n\n\t\t\t\t\t\t\t\t                    \n\t\t\t\t<div class=\"project-item item isotope-item art\">\n\t\t\t\t\t<div class=\"project-inner\">\n\t\t\t\t\t\t\n\t\t\t\t\t\t\n\t\t\t\t\t\t<a href=\"https:\/\/cora.montpellier.kr\/?p=593\" class=\"project-pop-wrap\">\n\t\t\t\t\t\t\t<div class=\"project-pop\"><\/div>\n\t\t\t\t\t\t\t<div class=\"project-title-wrap\">\n\t\t\t\t\t\t\t\t<h3 class=\"project-title\">\n\t\t\t\t\t\t\t\t\t<span>Les pr\u00e9s - vendu<\/span>\n\t\t\t\t\t\t\t\t<\/h3>\n\t\t\t\t\t\t\t<\/div>\t\t\t\t\t\t\t\n\t\t\t\t\t\t<\/a>\n\t\t\t\t\t\t<a href=\"#\">\n\t\t\t\t\t\t\t\t\t\t\t\t\t\t<img decoding=\"async\" src=\"https:\/\/cora.montpellier.kr\/wp-content\/uploads\/2020\/02\/skydome.jpg\" alt=\"skydome\"\/>\n\t\t\t\t\t\t\t\t\t\t\t\t\t<\/a>\n\t\t\t\t\t<\/div>\n\t\t\t\t<\/div>\n\n\t\t\t\t\t\t\t\t                    \n\t\t\t\t<div class=\"project-item item isotope-item art\">\n\t\t\t\t\t<div class=\"project-inner\">\n\t\t\t\t\t\t\n\t\t\t\t\t\t\n\t\t\t\t\t\t<a href=\"https:\/\/cora.montpellier.kr\/?p=610\" class=\"project-pop-wrap\" target=\"_blank\" rel=\"nofollow\">\n\t\t\t\t\t\t\t<div class=\"project-pop\"><\/div>\n\t\t\t\t\t\t\t<div class=\"project-title-wrap\">\n\t\t\t\t\t\t\t\t<h3 class=\"project-title\">\n\t\t\t\t\t\t\t\t\t<span>\u00e0 la campagne - vendu<\/span>\n\t\t\t\t\t\t\t\t<\/h3>\n\t\t\t\t\t\t\t<\/div>\t\t\t\t\t\t\t\n\t\t\t\t\t\t<\/a>\n\t\t\t\t\t\t<a href=\"#\">\n\t\t\t\t\t\t\t\t\t\t\t\t\t\t<img decoding=\"async\" src=\"https:\/\/cora.montpellier.kr\/wp-content\/uploads\/2020\/02\/PICT0066-scaled.jpg\" alt=\"PICT0066\"\/>\n\t\t\t\t\t\t\t\t\t\t\t\t\t<\/a>\n\t\t\t\t\t<\/div>\n\t\t\t\t<\/div>\n\n\t\t\t\t\t\t\t\t\n\t\t\t\t<\/div>\n\t\t\t<\/div>\n\t\t<\/div>\n\n\t\t\t\t\t\t<\/div>\n\t\t\t\t<\/div>\n\t\t\t\t\t<\/div>\n\t\t<\/div>\n\t\t\t\t\t<\/div>\n\t\t<\/section>\n\t\t\t\t<section class=\"elementor-section elementor-top-section elementor-element elementor-element-2d93a0c elementor-section-stretched elementor-section-height-min-height elementor-section-boxed elementor-section-height-default elementor-section-items-middle\" data-id=\"2d93a0c\" data-element_type=\"section\" data-e-type=\"section\" data-settings=\"{&quot;stretch_section&quot;:&quot;section-stretched&quot;,&quot;background_background&quot;:&quot;classic&quot;}\">\n\t\t\t\t\t\t<div class=\"elementor-container elementor-column-gap-default\">\n\t\t\t\t\t<div class=\"elementor-column elementor-col-100 elementor-top-column elementor-element elementor-element-5ead722\" data-id=\"5ead722\" data-element_type=\"column\" data-e-type=\"column\">\n\t\t\t<div class=\"elementor-widget-wrap elementor-element-populated\">\n\t\t\t\t\t\t<div class=\"elementor-element elementor-element-4021013 elementor-widget elementor-widget-heading\" data-id=\"4021013\" data-element_type=\"widget\" data-e-type=\"widget\" data-widget_type=\"heading.default\">\n\t\t\t\t<div class=\"elementor-widget-container\">\n\t\t\t\t\t<h2 class=\"elementor-heading-title elementor-size-default\">For further informations, please contact me via my email : <br>corachoi59@gmail.com<\/h2>\t\t\t\t<\/div>\n\t\t\t\t<\/div>\n\t\t\t\t<div class=\"elementor-element elementor-element-0118f7a elementor-align-center elementor-button-info elementor-widget elementor-widget-button\" data-id=\"0118f7a\" data-element_type=\"widget\" data-e-type=\"widget\" data-widget_type=\"button.default\">\n\t\t\t\t<div class=\"elementor-widget-container\">\n\t\t\t\t\t\t\t\t\t<div class=\"elementor-button-wrapper\">\n\t\t\t\t\t<a class=\"elementor-button elementor-button-link elementor-size-xl\" href=\"https:\/\/cora.montpellier.kr\/?page_id=7\">\n\t\t\t\t\t\t<span class=\"elementor-button-content-wrapper\">\n\t\t\t\t\t\t\t\t\t<span class=\"elementor-button-text\">contactez moi ici<\/span>\n\t\t\t\t\t<\/span>\n\t\t\t\t\t<\/a>\n\t\t\t\t<\/div>\n\t\t\t\t\t\t\t\t<\/div>\n\t\t\t\t<\/div>\n\t\t\t\t\t<\/div>\n\t\t<\/div>\n\t\t\t\t\t<\/div>\n\t\t<\/section>\n\t\t\t\t<\/div>\n\t\t","protected":false},"excerpt":{"rendered":"<p>L&rsquo;Artiste&#8230; Cora, alias Kyung-Hwa Cho\u00ef, est une artiste autodidacte n\u00e9e dans une petite \u00eele du sud de la Cor\u00e9e, elle viendra \u00e0 [&hellip;]<\/p>\n","protected":false},"author":2,"featured_media":0,"parent":0,"menu_order":0,"comment_status":"closed","ping_status":"closed","template":"page-templates\/page_front-page.php","meta":{"footnotes":""},"class_list":["post-13","page","type-page","status-publish","hentry"],"_links":{"self":[{"href":"https:\/\/cora.montpellier.kr\/index.php?rest_route=\/wp\/v2\/pages\/13","targetHints":{"allow":["GET"]}}],"collection":[{"href":"https:\/\/cora.montpellier.kr\/index.php?rest_route=\/wp\/v2\/pages"}],"about":[{"href":"https:\/\/cora.montpellier.kr\/index.php?rest_route=\/wp\/v2\/types\/page"}],"author":[{"embeddable":true,"href":"https:\/\/cora.montpellier.kr\/index.php?rest_route=\/wp\/v2\/users\/2"}],"replies":[{"embeddable":true,"href":"https:\/\/cora.montpellier.kr\/index.php?rest_route=%2Fwp%2Fv2%2Fcomments&post=13"}],"version-history":[{"count":103,"href":"https:\/\/cora.montpellier.kr\/index.php?rest_route=\/wp\/v2\/pages\/13\/revisions"}],"predecessor-version":[{"id":907,"href":"https:\/\/cora.montpellier.kr\/index.php?rest_route=\/wp\/v2\/pages\/13\/revisions\/907"}],"wp:attachment":[{"href":"https:\/\/cora.montpellier.kr\/index.php?rest_route=%2Fwp%2Fv2%2Fmedia&parent=13"}],"curies":[{"name":"wp","href":"https:\/\/api.w.org\/{rel}","templated":true}]}}